{"id":4690,"date":"2023-12-13T07:33:29","date_gmt":"2023-12-13T06:33:29","guid":{"rendered":"https:\/\/darse.fr\/v2\/?page_id=4690"},"modified":"2026-01-12T10:33:25","modified_gmt":"2026-01-12T09:33:25","slug":"willkommen","status":"publish","type":"page","link":"https:\/\/darse.cloud\/index.php\/willkommen\/","title":{"rendered":"WILLKOMMEN"},"content":{"rendered":"<div class=\"wp-block-image is-style-default\">\n<figure class=\"aligncenter size-full is-resized\"><a href=\"https:\/\/darse.cloud\/wp-content\/uploads\/2024\/10\/cropped-nouveau-logo-aspmv.png\"><img loading=\"lazy\" decoding=\"async\" width=\"1062\" height=\"570\" src=\"https:\/\/darse.cloud\/wp-content\/uploads\/2024\/10\/cropped-nouveau-logo-aspmv.png\" alt=\"\" class=\"wp-image-6381\" style=\"width:318px;height:auto\" srcset=\"https:\/\/darse.cloud\/wp-content\/uploads\/2024\/10\/cropped-nouveau-logo-aspmv.png 1062w, https:\/\/darse.cloud\/wp-content\/uploads\/2024\/10\/cropped-nouveau-logo-aspmv-300x161.png 300w, https:\/\/darse.cloud\/wp-content\/uploads\/2024\/10\/cropped-nouveau-logo-aspmv-1024x550.png 1024w, https:\/\/darse.cloud\/wp-content\/uploads\/2024\/10\/cropped-nouveau-logo-aspmv-768x412.png 768w\" sizes=\"auto, (max-width: 1062px) 100vw, 1062px\" \/><\/a><\/figure>\n<\/div>\n\n\n<p class=\"has-text-align-center has-text-color has-link-color wp-elements-cc7faafa8afd181d800136cc3d0fa373\" style=\"color:#111010\">Der Hafen von Villefranche -sur-Mer<\/p>\n\n\n\n<p class=\"has-text-color has-link-color wp-elements-13f65c06bdc55bdd00a8b66e7c19f779\" style=\"color:#111010\">Der Hafen von Villefranche sur Mer liegt nicht weit von Nizza entfernt und ist ein attraktiver Ort, der f\u00fcr seine Entwicklung von Freizeitbooten und Touristenkreuzfahrten bekannt ist.<\/p>\n\n\n\n<p class=\"has-text-color has-link-color wp-elements-0a89d5809df626aefb41d9e0c1e31cba\" style=\"color:#111010\">Der Hafen wurde von den Gew\u00e4ssern des Mittelmeerbeckens (\u00fcber 30 Millionen Jahre alt) umsp\u00fclt und beherbergte die englischen, franz\u00f6sischen, russischen und amerikanischen Kriegsflotten.<\/p>\n\n\n\n<p class=\"has-text-color has-link-color wp-elements-0f9324c4093adf5cf896084b2f5f95a2\" style=\"color:#111010\">Ihre milit\u00e4rische Bedeutung geht auf das 18. Jahrhundert zur\u00fcck, als die Stadt zu einem Arsenal und einem Milit\u00e4rhafen wurde, in dem die Galeerenflotte der Herz\u00f6ge von Savoyen untergebracht war, die 1720 K\u00f6nige von Sardinien wurden.<\/p>\n\n\n\n<p class=\"has-text-color has-link-color wp-elements-8f17ae0d3e3f50a181a75efb1a61b7e0\" style=\"color:#111010\">Dar\u00fcber hinaus hat seine privilegierte geografische Lage eine Reihe von Wissenschaftlern und Forschern angezogen, die in den 1880er Jahren in den ehemaligen Geb\u00e4uden des Milit\u00e4rdocks mit der heute international bekannten ozeanografischen Forschung begannen.<\/p>\n\n\n\n<p class=\"has-text-color has-link-color wp-elements-fddd635eed7506b86915ec0a88318cce\" style=\"color:#111010\">Die nat\u00fcrlich gesch\u00fctzte Bucht von Villefranche war wahrscheinlich seit der Antike ein Handelsposten, bekannt als \u00ab\u00a0Porto Olivo\u00a0\u00bb.<\/p>\n\n\n\n<p class=\"has-text-color has-link-color wp-elements-cd859bfe74152a8c18b49d03cca88295\" style=\"color:#111010\">Das Ergebnis ist eine St\u00e4tte von au\u00dfergew\u00f6hnlichem Kulturerbewert. Es ist dieses maritime Erbe, das die 1995 gegr\u00fcndete Vereinigung zur Erhaltung des maritimen Erbes von Villefranche (ASPMV) untersuchen, sch\u00fctzen und einem breiten Publikum bekannt machen m\u00f6chte.<\/p>\n\n\n\n<p class=\"has-text-color has-link-color has-normal-font-size wp-elements-9d5ff00e72e96c0f5db8c85b8970f6f2\" style=\"color:#111010\"><sup>(Quelle: Einf\u00fchrung von Jean Mascle, Pr\u00e4sident der ASPMV, Anne BROGINI, Eric DE BACKER, Jean-Pierre JARDEL, J\u00e9r\u00f4me MAGAIL, Mitglieder des Organisationskomitees der Konferenz \u00ab\u00a0Villefranche et la mer\u00a0\u00bb, die am 15. und 16. Oktober 2017 stattfand , in Proceedings of the Colloquium \u00ab\u00a0Villefranche et la mer\u00a0\u00bb, ver\u00f6ffentlicht 2019 und erneut ver\u00f6ffentlicht 2022)<\/sup><\/p>\n\n\n\n<p class=\"has-text-color has-link-color has-small-font-size wp-elements-b594e52bedf7ea666c381b1dc970263b\" style=\"color:#111010\"><sup>(traduction: Michel JARDIN)<\/sup><\/p>\n\n\n\n<p class=\"has-text-align-right has-text-color has-link-color wp-elements-cf39897270ba8eb0a1e56397b78c9b9c\" style=\"color:#111010\"><a href=\"http:\/\/darse.cloud\">Zur\u00fcck<\/a><\/p>\n","protected":false},"excerpt":{"rendered":"<p>Der Hafen von Villefranche -sur-Mer Der Hafen von Villefranche sur Mer liegt nicht weit von Nizza entfernt und ist ein attraktiver Ort, der f\u00fcr seine Entwicklung von Freizeitbooten und Touristenkreuzfahrten bekannt ist. Der Hafen wurde von den Gew\u00e4ssern des Mittelmeerbeckens (\u00fcber 30 Millionen Jahre alt) umsp\u00fclt und beherbergte die englischen, franz\u00f6sischen, russischen und amerikanischen Kriegsflotten. [&hellip;]<\/p>\n","protected":false},"author":2,"featured_media":6035,"parent":0,"menu_order":0,"comment_status":"closed","ping_status":"closed","template":"templates\/template-cover.php","meta":{"footnotes":""},"class_list":["post-4690","page","type-page","status-publish","has-post-thumbnail","hentry"],"_links":{"self":[{"href":"https:\/\/darse.cloud\/index.php\/wp-json\/wp\/v2\/pages\/4690","targetHints":{"allow":["GET"]}}],"collection":[{"href":"https:\/\/darse.cloud\/index.php\/wp-json\/wp\/v2\/pages"}],"about":[{"href":"https:\/\/darse.cloud\/index.php\/wp-json\/wp\/v2\/types\/page"}],"author":[{"embeddable":true,"href":"https:\/\/darse.cloud\/index.php\/wp-json\/wp\/v2\/users\/2"}],"replies":[{"embeddable":true,"href":"https:\/\/darse.cloud\/index.php\/wp-json\/wp\/v2\/comments?post=4690"}],"version-history":[{"count":15,"href":"https:\/\/darse.cloud\/index.php\/wp-json\/wp\/v2\/pages\/4690\/revisions"}],"predecessor-version":[{"id":6719,"href":"https:\/\/darse.cloud\/index.php\/wp-json\/wp\/v2\/pages\/4690\/revisions\/6719"}],"wp:featuredmedia":[{"embeddable":true,"href":"https:\/\/darse.cloud\/index.php\/wp-json\/wp\/v2\/media\/6035"}],"wp:attachment":[{"href":"https:\/\/darse.cloud\/index.php\/wp-json\/wp\/v2\/media?parent=4690"}],"curies":[{"name":"wp","href":"https:\/\/api.w.org\/{rel}","templated":true}]}}