{"id":5578,"date":"2022-02-21T22:36:11","date_gmt":"2022-02-21T21:36:11","guid":{"rendered":"http:\/\/darse\/?page_id=2"},"modified":"2026-02-08T20:46:33","modified_gmt":"2026-02-08T19:46:33","slug":"page-d-exemple-2","status":"publish","type":"page","link":"https:\/\/darse.cloud\/index.php\/page-d-exemple-2\/","title":{"rendered":"A propos de l&rsquo;ASPMV"},"content":{"rendered":"\n<p class=\"has-text-align-center\" style=\"font-size:17px\">Visite du Fort de la Rev\u00e8re par les membres de l&rsquo;ASPM, le 20 octobre 2022<\/p>\n\n\n\n<p><\/p>\n\n\n\n<div style=\"height:100px\" aria-hidden=\"true\" class=\"wp-block-spacer\"><\/div>\n\n\n\n<figure class=\"wp-block-image size-full is-resized\"><img decoding=\"async\" src=\"http:\/\/localhost:8888\/wordpress\/wp-content\/uploads\/2024\/09\/association-reconnue-dInteret-General.png\" alt=\"\" class=\"wp-image-5548\" style=\"width:88px;height:auto\"\/><\/figure>\n\n\n\n<p class=\"has-background-color has-text-color has-link-color has-large-font-size wp-elements-45a9b593523b212cb9383696439879ad\">L&rsquo;ASPMV, \u00ab\u00a0Association pour la Sauvegarde du Patrimoine Maritime de Villefranche-sur-mer, a \u00e9t\u00e9 reconnue comme Association d\u2019int\u00e9r\u00eat G\u00e9n\u00e9ral, par rescrit fiscal en date du 7 ao\u00fbt 2024.   (1)<\/p>\n\n\n\n<p class=\"has-background-color has-text-color has-link-color has-small-font-size wp-elements-3b5d654f907df831d579d7fd21421fea\"><br> (1) L&rsquo;Association est d\u00e9sormais habilit\u00e9e \u00e0 d\u00e9livrer des re\u00e7us fiscaux pouvant ouvrir droit \u00e0 une r\u00e9duction d\u2019imp\u00f4t.<br><br><\/p>\n\n\n\n<div style=\"height:40px\" aria-hidden=\"true\" class=\"wp-block-spacer\"><\/div>\n\n\n\n<h2 class=\"wp-block-heading has-text-color\" style=\"color:#1a5b14\">A propos de l&rsquo;ASPMV<\/h2>\n\n\n\n<p class=\"has-text-color\" style=\"color:#086906;font-size:25px\">Depuis sa cr\u00e9ation, en 1995, par son membre fondateur, <em><strong>Dominique TAILLIEZ<\/strong><\/em>, l\u2019<mark style=\"background-color: rgba(0, 0, 0, 0); color: #194115;\" class=\"has-inline-color\"><strong>A<\/strong><\/mark>ssociation pour la <mark style=\"background-color: rgba(0, 0, 0, 0); color: #194815;\" class=\"has-inline-color\"><strong>S<\/strong><\/mark>auvegarde du <strong><mark style=\"background-color: rgba(0, 0, 0, 0); color: #153b11;\" class=\"has-inline-color\">P<\/mark><\/strong>atrimoine <strong><mark style=\"background-color: rgba(0, 0, 0, 0); color: #103a0d;\" class=\"has-inline-color\">M<\/mark><\/strong>aritime de <strong><mark style=\"background-color: rgba(0, 0, 0, 0); color: #11440c;\" class=\"has-inline-color\">V<\/mark><\/strong>illefranche&nbsp;(<em><strong>ASPMV<\/strong><\/em>), veille sur le pr\u00e9cieux patrimoine maritime de la Darse, participe \u00e0 sa sauvegarde ainsi qu\u2019\u00e0 sa valorisation.<\/p>\n\n\n\n<div style=\"height:29px\" aria-hidden=\"true\" class=\"wp-block-spacer\"><\/div>\n\n\n\n<p class=\"has-text-color has-link-color wp-elements-46ccefc73df995f0b807a1466e7cd9fa\" style=\"color:#154835;font-size:22px\"><strong>L\u2019 ASPMV&nbsp;a pour buts principaux de:<\/strong><\/p>\n\n\n\n<p class=\"has-text-color has-link-color wp-elements-f45cfac9ab50a880bc02ee0a98c5b8c0\" style=\"color:#154835;font-size:22px\">L\u2019ASPMV a pour buts principaux de : <\/p>\n\n\n\n<p class=\"has-text-color has-link-color wp-elements-5246d9d6c379a1c0173690637940e521\" style=\"color:#154835;font-size:22px\">(1) sensibiliser institutions, grand public et scolaires, \u00e0 la beaut\u00e9 et \u00e0 la protection de ce patrimoine, <\/p>\n\n\n\n<p class=\"has-text-color has-link-color wp-elements-b3adf561a8549e932400c8952c2c6a86\" style=\"color:#154835;font-size:22px\">(2) diffuser, par des expositions, des publications, des conf\u00e9rences, la connaissance de ce site exceptionnel, <\/p>\n\n\n\n<p class=\"has-text-color has-link-color wp-elements-6377d8806a0c35cb0cfd2a22c60fc48e\" style=\"color:#154835;font-size:22px\">(3) mener des recherches concernant l\u2019origine et l\u2019histoire de ce port.<\/p>\n\n\n\n<p class=\"has-text-color has-link-color wp-elements-3cdb6aa5b453b92a9e96aafdfc55c9d6\" style=\"color:#154835;font-size:22px\"><\/p>\n\n\n\n<div style=\"height:100px\" aria-hidden=\"true\" class=\"wp-block-spacer\"><\/div>\n\n\n\n<h1 class=\"wp-block-heading has-text-align-center has-text-color has-medium-font-size\" style=\"color:#0a59a9\">Composition du Conseil d&rsquo;administration de l&rsquo;ASPMV<\/h1>\n\n\n\n<p class=\"has-text-align-center has-text-color\" style=\"color:#298cb0;font-size:29px\"><strong>Membres d&rsquo;honneur :<\/strong>                                       <strong>Jean Claude Braconnot,&nbsp;Mara de Candido, Jean Carlotti, Michelle Icard<\/strong><\/p>\n\n\n\n<h2 class=\"wp-block-heading has-text-align-center has-background-color has-text-color has-link-color wp-elements-571739617ecde7d04721e1c2a3c50c4f\" style=\"font-size:37px\"><strong><em>Le Bureau <\/em><\/strong><\/h2>\n\n\n\n<p class=\"has-text-align-center has-subtle-background-color has-text-color has-link-color has-large-font-size wp-elements-24f4597c3a0daa593e2fc50623bf28a5\"><strong>Pr\u00e9sident<\/strong>&nbsp;: Jean Mascle<\/p>\n\n\n\n<p class=\"has-text-align-center has-subtle-background-color has-text-color has-link-color has-large-font-size wp-elements-2c7fa3826ede9b5ebaeadcff31a2dce8\"><strong>Vice-Pr\u00e9sident<\/strong>&nbsp;: Michel Jardin<\/p>\n\n\n\n<p class=\"has-text-align-center has-subtle-background-color has-text-color has-link-color has-large-font-size wp-elements-e70455dbfc29cae9b695b5f5857033cf\"><strong>Tr\u00e9sori\u00e8re<\/strong>&nbsp;: Nicole Bethoux<\/p>\n\n\n\n<p class=\"has-text-align-center has-subtle-background-color has-text-color has-link-color has-large-font-size wp-elements-3a0188e86f1748772493e9d8110cd2c3\"><strong>Secr\u00e9taire G\u00e9n\u00e9ral<\/strong>&nbsp;: Guy M\u00e9nant<\/p>\n\n\n\n<div style=\"height:100px\" aria-hidden=\"true\" class=\"wp-block-spacer\"><\/div>\n\n\n\n<h2 class=\"wp-block-heading has-text-align-center has-text-color has-link-color wp-elements-f2a07f740096c2121446349f19ab66f9\" style=\"color:#e15353;font-size:29px\"><strong><em>Autres membres du Conseil d&rsquo;administration<\/em><\/strong> <\/h2>\n\n\n\n<p class=\"has-text-align-center has-background-color has-text-color has-link-color has-large-font-size wp-elements-97a9f35c3989d38148aab7c15844eb9a\">Nicole B\u00e9thoux<\/p>\n\n\n\n<p class=\"has-text-align-center has-background-color has-text-color has-link-color has-large-font-size wp-elements-0bdcae97b0aa7e99619471a0448991d8\">Alain Frout\u00e9<\/p>\n\n\n\n<p class=\"has-text-align-center has-background-color has-text-color has-link-color has-large-font-size wp-elements-fc7d4268bd8175e451335023254cf448\">Pierre Galbois<\/p>\n\n\n\n<p class=\"has-text-align-center has-background-color has-text-color has-link-color has-large-font-size wp-elements-e78e51a02c6f53c299e5cab16374417e\">Jean-Pierre Jardel<\/p>\n\n\n\n<p class=\"has-text-align-center has-background-color has-text-color has-link-color has-large-font-size wp-elements-a02ce2f1a8d52ab5baa72913ef7c6970\">Jacques Joncour<\/p>\n\n\n\n<p class=\"has-text-align-center has-background-color has-text-color has-link-color has-large-font-size wp-elements-a42b1d6c367bd02d0970881afe8c21e9\">Paul Jo Masnata<\/p>\n\n\n\n<p class=\"has-text-align-center has-background-color has-text-color has-link-color has-large-font-size wp-elements-df3b188a8f8ad507f87d2a121dcc98f7\">Fr\u00e9d\u00e9ric Penet<\/p>\n\n\n\n<p class=\"has-text-align-center has-background-color has-text-color has-link-color has-large-font-size wp-elements-b02dcf1058d86720404530245bf963e2\">H\u00e9l\u00e8ne Tailliez<\/p>\n\n\n\n<p class=\"has-text-align-center has-background-color has-text-color has-link-color has-large-font-size wp-elements-98a21b7a4e00b88343f11378fd86c54e\">Jean-Charles Vernay<\/p>\n\n\n\n<div style=\"height:100px\" aria-hidden=\"true\" class=\"wp-block-spacer\"><\/div>\n\n\n\n<div style=\"height:85px\" aria-hidden=\"true\" class=\"wp-block-spacer\"><\/div>\n\n\n\n<div class=\"wp-block-buttons alignwide is-layout-flex wp-block-buttons-is-layout-flex\"><\/div>\n\n\n\n<div style=\"height:300px\" aria-hidden=\"true\" class=\"wp-block-spacer\"><\/div>\n","protected":false},"excerpt":{"rendered":"<p>Visite du Fort de la Rev\u00e8re par les membres de l&rsquo;ASPM, le 20 octobre 2022 L&rsquo;ASPMV, \u00ab\u00a0Association pour la Sauvegarde du Patrimoine Maritime de Villefranche-sur-mer, a \u00e9t\u00e9 reconnue comme Association d\u2019int\u00e9r\u00eat G\u00e9n\u00e9ral, par rescrit fiscal en date du 7 ao\u00fbt 2024. (1) (1) L&rsquo;Association est d\u00e9sormais habilit\u00e9e \u00e0 d\u00e9livrer des re\u00e7us fiscaux pouvant ouvrir droit [&hellip;]<\/p>\n","protected":false},"author":2,"featured_media":6244,"parent":0,"menu_order":1,"comment_status":"closed","ping_status":"closed","template":"","meta":{"footnotes":""},"class_list":["post-5578","page","type-page","status-publish","has-post-thumbnail","hentry"],"_links":{"self":[{"href":"https:\/\/darse.cloud\/index.php\/wp-json\/wp\/v2\/pages\/5578","targetHints":{"allow":["GET"]}}],"collection":[{"href":"https:\/\/darse.cloud\/index.php\/wp-json\/wp\/v2\/pages"}],"about":[{"href":"https:\/\/darse.cloud\/index.php\/wp-json\/wp\/v2\/types\/page"}],"author":[{"embeddable":true,"href":"https:\/\/darse.cloud\/index.php\/wp-json\/wp\/v2\/users\/2"}],"replies":[{"embeddable":true,"href":"https:\/\/darse.cloud\/index.php\/wp-json\/wp\/v2\/comments?post=5578"}],"version-history":[{"count":14,"href":"https:\/\/darse.cloud\/index.php\/wp-json\/wp\/v2\/pages\/5578\/revisions"}],"predecessor-version":[{"id":6819,"href":"https:\/\/darse.cloud\/index.php\/wp-json\/wp\/v2\/pages\/5578\/revisions\/6819"}],"wp:featuredmedia":[{"embeddable":true,"href":"https:\/\/darse.cloud\/index.php\/wp-json\/wp\/v2\/media\/6244"}],"wp:attachment":[{"href":"https:\/\/darse.cloud\/index.php\/wp-json\/wp\/v2\/media?parent=5578"}],"curies":[{"name":"wp","href":"https:\/\/api.w.org\/{rel}","templated":true}]}}