{"id":6235,"date":"2024-10-08T22:16:23","date_gmt":"2024-10-08T20:16:23","guid":{"rendered":"https:\/\/darse.cloud\/?page_id=6235"},"modified":"2026-01-12T11:00:03","modified_gmt":"2026-01-12T10:00:03","slug":"le-mole","status":"publish","type":"page","link":"https:\/\/darse.cloud\/index.php\/le-mole\/","title":{"rendered":"LE  MOLE"},"content":{"rendered":"\n<p class=\"has-text-align-center has-text-color has-link-color has-small-font-size wp-elements-37978cfb97e6bddc3722c1fd2ce24b72\" style=\"color:#111010\">vue actuelle du m\u00f4le<\/p>\n\n\n\n<h2 class=\"wp-block-heading has-text-align-center has-text-color has-link-color wp-elements-1bde6be9aae1d39d8625e009e972fbcc\" style=\"color:#111010\"><strong>1726 -1728<\/strong><\/h2>\n\n\n\n<p class=\"has-text-color has-link-color wp-elements-1cab6fb2aadbe0b28ee70982ae7cfb6f\" style=\"color:#0b0a0a\">Le m\u00f4le, digue de protection, v\u00e9ritable lieu de vie pour les gal\u00e9riens, abritait des niches dont certaines d\u2019entre-elles leur servaient probablement de cuisine.<\/p>\n\n\n\n<p class=\"has-text-color has-link-color wp-elements-d5fe2c761dfd96db3c4c55bd35eba0d5\" style=\"color:#0b0a0a\">A bord de la gal\u00e8re, deux cents mis\u00e9rables, encha\u00een\u00e9s \u00e0 leur banc, vivaient dans une grande promiscuit\u00e9, entre condamn\u00e9s et prisonniers maures et turcs. Les gal\u00e8res \u00e9taient de v\u00e9ritables bagnes flottants.<\/p>\n\n\n\n<p class=\"has-text-color has-link-color wp-elements-be1bef9c49209638f8844e69f61fdb46\" style=\"color:#0b0a0a\">Un plan de la Darse du XVIII\u00e8me si\u00e8cle t\u00e9moigne de la pr\u00e9sence d\u2019une mosqu\u00e9e sur ce m\u00f4le. D\u00e9truite par une temp\u00eate en 1773, elle fut reconstruite dans l\u2019enceinte du cimeti\u00e8re musulman, &nbsp;qui se trouvait derri\u00e8re les immeubles de la r\u00e9sidence Rochambeau. De cette mosqu\u00e9e ne reste qu&rsquo;un vestige portant la date de 1724: la pierre grav\u00e9e d\u2019un&nbsp; verset religieux en arabe, visible \u00e0 l\u2019h\u00f4tel de ville. Un moulage en a \u00e9t\u00e9 r\u00e9alis\u00e9, d\u00e9pos\u00e9 dans le local de l&rsquo;ASPMV<\/p>\n\n\n\n<p class=\"has-text-color has-link-color wp-elements-aaf91a7e17458eaaf4957b968029cc84\" style=\"color:#0b0a0a\">Jusqu\u2019\u00e0 la moiti\u00e9 du XX\u00e8me si\u00e8cle, la Darse est rest\u00e9e une zone militaire. <\/p>\n\n\n<div class=\"wp-block-image\">\n<figure class=\"aligncenter size-large\"><img loading=\"lazy\" decoding=\"async\" width=\"1024\" height=\"639\" src=\"https:\/\/darse.cloud\/wp-content\/uploads\/2024\/10\/Capture-decran-2024-10-17-a-12.17.48-1024x639.png\" alt=\"\" class=\"wp-image-6287\" srcset=\"https:\/\/darse.cloud\/wp-content\/uploads\/2024\/10\/Capture-decran-2024-10-17-a-12.17.48-1024x639.png 1024w, https:\/\/darse.cloud\/wp-content\/uploads\/2024\/10\/Capture-decran-2024-10-17-a-12.17.48-300x187.png 300w, https:\/\/darse.cloud\/wp-content\/uploads\/2024\/10\/Capture-decran-2024-10-17-a-12.17.48-768x480.png 768w, https:\/\/darse.cloud\/wp-content\/uploads\/2024\/10\/Capture-decran-2024-10-17-a-12.17.48.png 1182w\" sizes=\"auto, (max-width: 1024px) 100vw, 1024px\" \/><\/figure>\n<\/div>\n\n\n<p class=\"has-text-color has-link-color wp-elements-19d09efb5dd202f795d91a3dec28e59c\" style=\"color:#121111\">Au niveau sup\u00e9rieur, se trouve l&#8217;emplacement autrefois utilis\u00e9 pour une pi\u00e8ce pivotante&nbsp;: un canon \u00e0 aff\u00fbt. Cette partie du m\u00f4le tourn\u00e9e vers le large \u00e9tait un chemin de ronde. Jusqu\u2019en 1815, l\u2019\u00e9cole d\u2019artillerie royale y avait install\u00e9 ses pi\u00e8ces de surveillance de l\u2019entr\u00e9e de la rade.<\/p>\n\n\n\n<p><\/p>\n","protected":false},"excerpt":{"rendered":"<p>vue actuelle du m\u00f4le 1726 -1728 Le m\u00f4le, digue de protection, v\u00e9ritable lieu de vie pour les gal\u00e9riens, abritait des niches dont certaines d\u2019entre-elles leur servaient probablement de cuisine. A bord de la gal\u00e8re, deux cents mis\u00e9rables, encha\u00een\u00e9s \u00e0 leur banc, vivaient dans une grande promiscuit\u00e9, entre condamn\u00e9s et prisonniers maures et turcs. Les gal\u00e8res [&hellip;]<\/p>\n","protected":false},"author":1,"featured_media":6288,"parent":0,"menu_order":0,"comment_status":"closed","ping_status":"closed","template":"","meta":{"footnotes":""},"class_list":["post-6235","page","type-page","status-publish","has-post-thumbnail","hentry"],"_links":{"self":[{"href":"https:\/\/darse.cloud\/index.php\/wp-json\/wp\/v2\/pages\/6235","targetHints":{"allow":["GET"]}}],"collection":[{"href":"https:\/\/darse.cloud\/index.php\/wp-json\/wp\/v2\/pages"}],"about":[{"href":"https:\/\/darse.cloud\/index.php\/wp-json\/wp\/v2\/types\/page"}],"author":[{"embeddable":true,"href":"https:\/\/darse.cloud\/index.php\/wp-json\/wp\/v2\/users\/1"}],"replies":[{"embeddable":true,"href":"https:\/\/darse.cloud\/index.php\/wp-json\/wp\/v2\/comments?post=6235"}],"version-history":[{"count":12,"href":"https:\/\/darse.cloud\/index.php\/wp-json\/wp\/v2\/pages\/6235\/revisions"}],"predecessor-version":[{"id":6737,"href":"https:\/\/darse.cloud\/index.php\/wp-json\/wp\/v2\/pages\/6235\/revisions\/6737"}],"wp:featuredmedia":[{"embeddable":true,"href":"https:\/\/darse.cloud\/index.php\/wp-json\/wp\/v2\/media\/6288"}],"wp:attachment":[{"href":"https:\/\/darse.cloud\/index.php\/wp-json\/wp\/v2\/media?parent=6235"}],"curies":[{"name":"wp","href":"https:\/\/api.w.org\/{rel}","templated":true}]}}