{"id":721,"date":"2022-09-15T17:00:53","date_gmt":"2022-09-15T15:00:53","guid":{"rendered":"https:\/\/darse.fr\/v2\/?page_id=721"},"modified":"2026-01-20T23:36:22","modified_gmt":"2026-01-20T22:36:22","slug":"activites-de-laspmv","status":"publish","type":"page","link":"https:\/\/darse.cloud\/index.php\/activites-de-laspmv\/","title":{"rendered":"Activit\u00e9s de l&rsquo;ASPMV"},"content":{"rendered":"\n<div style=\"height:100px\" aria-hidden=\"true\" class=\"wp-block-spacer\"><\/div>\n\n\n\n<p class=\"has-text-color has-link-color wp-elements-a4362168a6ce1939b755d507af0ac7a8\" style=\"color:#0b0a0a;font-size:30px\">Les activit\u00e9s de l&rsquo;association sont multiples et se d\u00e9clinent comme suit:<\/p>\n\n\n\n<div style=\"height:43px\" aria-hidden=\"true\" class=\"wp-block-spacer\"><\/div>\n\n\n\n<p class=\"has-text-color has-link-color wp-elements-eda72ddc6616e88f3a2d841471ef659d\" style=\"color:#0d0d0d;font-size:34px\">_ <a href=\"https:\/\/darse.cloud\/index.php\/dossiers-specifiques-2\/\">La r\u00e9daction  de dossiers sp\u00e9cifiques<\/a> ;<\/p>\n\n\n\n<p class=\"has-text-color has-link-color wp-elements-8bb1441c883d7c58a843fe2701af9718\" style=\"color:#090909;font-size:34px\">_ <a href=\"https:\/\/darse.fr\/v2\/?page_id=916(ouvre un nouvel onglet)\">La publication de d\u00e9pliants informatifs \u00e0 l&rsquo;attention d&rsquo;un large public<\/a>;<\/p>\n\n\n\n<p class=\"has-text-color has-link-color wp-elements-39ba8424759c8ab486d082510b0d1644\" style=\"color:#0b0a0a;font-size:34px\">_ <a href=\"https:\/\/darse.fr\/v2\/?page_id=947(ouvre un nouvel onglet)\">Les conf\u00e9rences<\/a> ;<\/p>\n\n\n\n<p class=\"has-text-color has-link-color wp-elements-1e8b3e132a8f110cfb4b8287095e585e\" style=\"color:#0d0d0d;font-size:34px\">_ <a href=\"https:\/\/darse.fr\/v2\/?page_id=951\">L&rsquo;organisation de colloques et la publication des actes<\/a>;<\/p>\n\n\n\n<p class=\"has-text-color has-link-color wp-elements-09b4ae32628ed43e1839f0064d634ac9\" style=\"color:#111010;font-size:34px\">_ <a href=\"https:\/\/darse.fr\/v2\/?page_id=882(ouvre un nouvel onglet)\">L\u2019\u00e9dition  de La Lettre de la Darse<\/a>;<\/p>\n\n\n\n<p class=\"has-text-color has-link-color wp-elements-3939e4f91300a4319157856d57e9fa7e\" style=\"color:#111010;font-size:34px\">_ Les r\u00e9unions du Conseil d\u2019administration.<\/p>\n\n\n\n<p><\/p>\n","protected":false},"excerpt":{"rendered":"<p>Les activit\u00e9s de l&rsquo;association sont multiples et se d\u00e9clinent comme suit: _ La r\u00e9daction de dossiers sp\u00e9cifiques ; _ La publication de d\u00e9pliants informatifs \u00e0 l&rsquo;attention d&rsquo;un large public; _ Les conf\u00e9rences ; _ L&rsquo;organisation de colloques et la publication des actes; _ L\u2019\u00e9dition de La Lettre de la Darse; _ Les r\u00e9unions du Conseil [&hellip;]<\/p>\n","protected":false},"author":2,"featured_media":0,"parent":0,"menu_order":0,"comment_status":"closed","ping_status":"closed","template":"","meta":{"footnotes":""},"class_list":["post-721","page","type-page","status-publish","hentry"],"_links":{"self":[{"href":"https:\/\/darse.cloud\/index.php\/wp-json\/wp\/v2\/pages\/721","targetHints":{"allow":["GET"]}}],"collection":[{"href":"https:\/\/darse.cloud\/index.php\/wp-json\/wp\/v2\/pages"}],"about":[{"href":"https:\/\/darse.cloud\/index.php\/wp-json\/wp\/v2\/types\/page"}],"author":[{"embeddable":true,"href":"https:\/\/darse.cloud\/index.php\/wp-json\/wp\/v2\/users\/2"}],"replies":[{"embeddable":true,"href":"https:\/\/darse.cloud\/index.php\/wp-json\/wp\/v2\/comments?post=721"}],"version-history":[{"count":7,"href":"https:\/\/darse.cloud\/index.php\/wp-json\/wp\/v2\/pages\/721\/revisions"}],"predecessor-version":[{"id":6780,"href":"https:\/\/darse.cloud\/index.php\/wp-json\/wp\/v2\/pages\/721\/revisions\/6780"}],"wp:attachment":[{"href":"https:\/\/darse.cloud\/index.php\/wp-json\/wp\/v2\/media?parent=721"}],"curies":[{"name":"wp","href":"https:\/\/api.w.org\/{rel}","templated":true}]}}